 {"id":11243,"date":"2021-11-03T17:59:27","date_gmt":"2021-11-03T16:59:27","guid":{"rendered":"http:\/\/nfy-partners.com\/?page_id=11243"},"modified":"2024-09-10T11:23:12","modified_gmt":"2024-09-10T09:23:12","slug":"mentions-legales","status":"publish","type":"page","link":"https:\/\/carrivy.com\/index.php\/mentions-legales\/","title":{"rendered":"Mentions L\u00e9gales"},"content":{"rendered":"<p>[vc_row full_width=\u00a0\u00bbstretch_row_content\u00a0\u00bb content_placement=\u00a0\u00bbmiddle\u00a0\u00bb pix_gap=\u00a0\u00bbdisable\u00a0\u00bb bgstyle=\u00a0\u00bbattachment\u00a0\u00bb gradient_colors=\u00a0\u00bb%5B%7B%7D%5D\u00a0\u00bb kswr_row_bg_type=\u00a0\u00bbsimpleimage\u00a0\u00bb kswr_row_top_decor_enabled=\u00a0\u00bbfalse\u00a0\u00bb kswr_row_bottom_decor_enabled=\u00a0\u00bbfalse\u00a0\u00bb css=\u00a0\u00bb.vc_custom_1687095768494{background-position: center !important;background-repeat: no-repeat !important;background-size: cover !important;}\u00a0\u00bb pix_color_decor01=\u00a0\u00bb#0a0a0a\u00a0\u00bb][vc_column gradient_colors=\u00a0\u00bb%5B%7B%7D%5D\u00a0\u00bb][vc_row_inner gradient_colors=\u00a0\u00bb%5B%7B%7D%5D\u00a0\u00bb css=\u00a0\u00bb.vc_custom_1687097013728{margin-top: -60px !important;padding-right: 10% !important;padding-bottom: 10px !important;padding-left: 10% !important;background-color: #1361a9 !important;}\u00a0\u00bb][vc_column_inner width=\u00a0\u00bb1\/5&Prime; css=\u00a0\u00bb.vc_custom_1687099967449{padding-top: 45px !important;}\u00a0\u00bb]<div class=\"kswr-ibi-container kswr-icon-thatc kswr-theelement\"  data-layout=\"iconleft\" data-icolayout=\"center\" data-hover=\"none\" ><div class=\"kswr-ibi-icon-ct\" style=\"margin-top:0px;margin-left:0px;margin-right:10px;margin-bottom:0px;\"><div class=\"kswr-icon-container kswr-icon-thatc kswr-icon-thatc-pZlkPQUi\" data-rotation=\"false\" data-hover=\"none\" style=\"width:25px; height: 25px; line-height:25px;  border-radius: 0px; --hover-bg:transparent; \">\n\t\t\t\t<div class=\"kswr-icon-ic kswr-icon-ic-r kswr-icon-r\" style=\" font-size:20px;\"><i  style=\"color:rgba(255, 255, 255, 1);background-clip: inherit;background-color: inherit; -webkit-text-fill-color:rgba(255, 255, 255, 1);\" class=\"km-icon-phone3\"><\/i><\/div>\n\t\t\t\t<div class=\"kswr-icon-ic kswr-icon-ic-h kswr-icon-h\" style=\"font-size:20px;\"><i style=\"color:#333;background-clip: inherit;background-color: inherit; -webkit-text-fill-color:#333;\" class=\"km-icon-phone3\"><\/i><\/div>\n\t\t\t\t<div class=\"kswr-icon-bg kswr-icon-bg-r kswr-icon-r\" style=\"background:transparent;border:0px none transparent;border-width:0px;\"><\/div>\n\t\t\t\t<div class=\"kswr-icon-bg kswr-icon-bg-h kswr-icon-h\" style=\"background:transparent;\"><\/div>\n\t\t\t\t\n\t\t\t<\/div><\/div><div class=\"kswr-ibi-ct-leftright\"><div class=\"kswr-ibi-title-ct \"><div class=\"kswr-ibi-title kswr-shortcode-element \" data-fontsettings=\"font-size:16px;\" style=\"font-size:16px; font-family:Inherit;font-weight:inherit; color:#ffffff;margin-top:0px;margin-left:0px;margin-right:0px;margin-bottom:0px;\"><\/div><div class=\"kswr-ibi-subtitle kswr-shortcode-element \" data-fontsettings=\"font-size:12px;\" style=\"font-size:12px; font-family:Inherit;font-weight:inherit; color:#777777;margin-top:0px;margin-left:0px;margin-right:0px;margin-bottom:0px;\"><\/div><\/div><div class=\"kswr-ibi-bottom\"><div class=\"kswr-ibi-content kswr-shortcode-element \" data-fontsettings=\"font-size:14px;\" style=\"font-size:14px; font-family:Inherit;font-weight:inherit; color:#ffffff;margin-top:1px;margin-left:0px;margin-right:0px;margin-bottom:0px;\">+33 4 22 13 58 64<\/div><\/div><\/div><\/div>[\/vc_column_inner][vc_column_inner width=\u00a0\u00bb1\/5&Prime; css=\u00a0\u00bb.vc_custom_1687099993083{padding-top: 45px !important;}\u00a0\u00bb]<div class=\"kswr-ibi-container kswr-icon-thatc kswr-theelement\"  data-layout=\"iconleft\" data-icolayout=\"center\" data-hover=\"none\" ><div class=\"kswr-ibi-icon-ct\" style=\"margin-top:0px;margin-left:0px;margin-right:10px;margin-bottom:0px;\"><div class=\"kswr-icon-container kswr-icon-thatc kswr-icon-thatc-Mi3T2x17\" data-rotation=\"false\" data-hover=\"none\" style=\"width:25px; height: 25px; line-height:25px;  border-radius: 0px; --hover-bg:transparent; \">\n\t\t\t\t<div class=\"kswr-icon-ic kswr-icon-ic-r kswr-icon-r\" style=\" font-size:20px;\"><i  style=\"color:rgba(255, 255, 255, 1);background-clip: inherit;background-color: inherit; -webkit-text-fill-color:rgba(255, 255, 255, 1);\" class=\"km-icon-email\"><\/i><\/div>\n\t\t\t\t<div class=\"kswr-icon-ic kswr-icon-ic-h kswr-icon-h\" style=\"font-size:20px;\"><i style=\"color:#333;background-clip: inherit;background-color: inherit; -webkit-text-fill-color:#333;\" class=\"km-icon-email\"><\/i><\/div>\n\t\t\t\t<div class=\"kswr-icon-bg kswr-icon-bg-r kswr-icon-r\" style=\"background:transparent;border:0px none transparent;border-width:0px;\"><\/div>\n\t\t\t\t<div class=\"kswr-icon-bg kswr-icon-bg-h kswr-icon-h\" style=\"background:transparent;\"><\/div>\n\t\t\t\t\n\t\t\t<\/div><\/div><div class=\"kswr-ibi-ct-leftright\"><div class=\"kswr-ibi-title-ct \"><div class=\"kswr-ibi-title kswr-shortcode-element \" data-fontsettings=\"font-size:16px;\" style=\"font-size:16px; font-family:Inherit;font-weight:inherit; color:#ffffff;margin-top:0px;margin-left:0px;margin-right:0px;margin-bottom:0px;\"><\/div><div class=\"kswr-ibi-subtitle kswr-shortcode-element \" data-fontsettings=\"font-size:12px;\" style=\"font-size:12px; font-family:Inherit;font-weight:inherit; color:#777777;margin-top:0px;margin-left:0px;margin-right:0px;margin-bottom:0px;\"><\/div><\/div><div class=\"kswr-ibi-bottom\"><div class=\"kswr-ibi-content kswr-shortcode-element \" data-fontsettings=\"font-size:14px;\" style=\"font-size:14px; font-family:Inherit;font-weight:inherit; color:#ffffff;margin-top:1px;margin-left:0px;margin-right:0px;margin-bottom:0px;\">contact@carrivy.com<\/div><\/div><\/div><\/div>[\/vc_column_inner][vc_column_inner width=\u00a0\u00bb1\/5&Prime; css=\u00a0\u00bb.vc_custom_1687100000758{padding-top: 45px !important;}\u00a0\u00bb]<div class=\"kswr-ibi-container kswr-icon-thatc kswr-theelement\"  data-layout=\"iconheadingleft\" data-icolayout=\"center\" data-hover=\"none\" ><div class=\"kswr-ibi-icon-ct\" style=\"margin-top:0px;margin-left:0px;margin-right:10px;margin-bottom:0px;\"><div class=\"kswr-icon-container kswr-icon-thatc kswr-icon-thatc-kGc9uJ20\" data-rotation=\"false\" data-hover=\"none\" style=\"width:25px; height: 25px; line-height:25px;  border-radius: 0px; --hover-bg:transparent; \">\n\t\t\t\t<div class=\"kswr-icon-ic kswr-icon-ic-r kswr-icon-r\" style=\" font-size:20px;\"><i  style=\"color:rgba(255, 255, 255, 1);background-clip: inherit;background-color: inherit; -webkit-text-fill-color:rgba(255, 255, 255, 1);\" class=\"km-icon-access_time\"><\/i><\/div>\n\t\t\t\t<div class=\"kswr-icon-ic kswr-icon-ic-h kswr-icon-h\" style=\"font-size:20px;\"><i style=\"color:#333;background-clip: inherit;background-color: inherit; -webkit-text-fill-color:#333;\" class=\"km-icon-access_time\"><\/i><\/div>\n\t\t\t\t<div class=\"kswr-icon-bg kswr-icon-bg-r kswr-icon-r\" style=\"background:transparent;border:0px none transparent;border-width:0px;\"><\/div>\n\t\t\t\t<div class=\"kswr-icon-bg kswr-icon-bg-h kswr-icon-h\" style=\"background:transparent;\"><\/div>\n\t\t\t\t\n\t\t\t<\/div><\/div><div class=\"kswr-ibi-title-ct \"><div class=\"kswr-ibi-title kswr-shortcode-element \" data-fontsettings=\"font-size:14px;\" style=\"font-size:14px; font-family:Inherit;font-weight:inherit; color:#ffffff;margin-top:1px;margin-left:0px;margin-right:0px;margin-bottom:0px;\">Lun - Sam : 9:00 - 20:00<\/div><div class=\"kswr-ibi-subtitle kswr-shortcode-element \" data-fontsettings=\"font-size:12px;\" style=\"font-size:12px; font-family:Inherit;font-weight:inherit; color:#777777;margin-top:0px;margin-left:0px;margin-right:0px;margin-bottom:0px;\"><\/div><\/div><div class=\"kswr-ibi-bottom\"><div class=\"kswr-ibi-content kswr-shortcode-element \" data-fontsettings=\"font-size:15px;\" style=\"font-size:15px; font-family:Inherit;font-weight:inherit; color:#555555;margin-top:0px;margin-left:0px;margin-right:0px;margin-bottom:0px;\"><\/div><\/div><\/div>[\/vc_column_inner][vc_column_inner width=\u00a0\u00bb1\/5&Prime; offset=\u00a0\u00bbvc_hidden-sm vc_hidden-xs\u00a0\u00bb][\/vc_column_inner][vc_column_inner width=\u00a0\u00bb1\/5&Prime;][vc_btn title=\u00a0\u00bb\u00a0\u00bb style=\u00a0\u00bboutline-custom\u00a0\u00bb outline_custom_color=\u00a0\u00bb#ffffff\u00a0\u00bb outline_custom_hover_background=\u00a0\u00bb#ffffff\u00a0\u00bb outline_custom_hover_text=\u00a0\u00bb#ff0000&Prime; shape=\u00a0\u00bbsquare\u00a0\u00bb i_align=\u00a0\u00bbright\u00a0\u00bb i_icon_fontawesome=\u00a0\u00bbfab fa-youtube\u00a0\u00bb add_icon=\u00a0\u00bbtrue\u00a0\u00bb css=\u00a0\u00bb.vc_custom_1687099222324{margin-top: 0px !important;margin-right: 0px !important;margin-bottom: 0px !important;margin-left: 0px !important;border-top-width: 0px !important;border-right-width: 0px !important;border-bottom-width: 0px !important;border-left-width: 0px !important;padding-top: 0px !important;padding-right: 0px !important;padding-bottom: 0px !important;padding-left: 0px !important;}\u00a0\u00bb][vc_btn title=\u00a0\u00bb\u00a0\u00bb style=\u00a0\u00bboutline-custom\u00a0\u00bb outline_custom_color=\u00a0\u00bb#ffffff\u00a0\u00bb outline_custom_hover_background=\u00a0\u00bb#ffffff\u00a0\u00bb outline_custom_hover_text=\u00a0\u00bb#4267b2&Prime; shape=\u00a0\u00bbsquare\u00a0\u00bb i_align=\u00a0\u00bbright\u00a0\u00bb i_icon_fontawesome=\u00a0\u00bbfab fa-facebook-square\u00a0\u00bb add_icon=\u00a0\u00bbtrue\u00a0\u00bb css=\u00a0\u00bb.vc_custom_1687099196863{margin-top: 0px !important;margin-right: 0px !important;margin-bottom: 0px !important;margin-left: 0px !important;border-top-width: 0px !important;border-right-width: 0px !important;border-bottom-width: 0px !important;border-left-width: 0px !important;padding-top: 0px !important;padding-right: 0px !important;padding-bottom: 0px !important;padding-left: 0px !important;}\u00a0\u00bb][\/vc_column_inner][\/vc_row_inner][\/vc_column][\/vc_row][vc_row gradient_colors=\u00a0\u00bb%5B%7B%7D%5D\u00a0\u00bb css=\u00a0\u00bb.vc_custom_1688738960141{padding-top: 25px !important;padding-right: 25px !important;padding-bottom: 25px !important;padding-left: 25px !important;}\u00a0\u00bb kswr_row_top_decor_enabled=\u00a0\u00bbfalse\u00a0\u00bb kswr_row_bottom_decor_enabled=\u00a0\u00bbfalse\u00a0\u00bb][vc_column gradient_colors=\u00a0\u00bb%5B%7B%7D%5D\u00a0\u00bb css=\u00a0\u00bb.vc_custom_1688739008649{padding-top: 0px !important;padding-right: 0px !important;padding-bottom: 0px !important;padding-left: 0px !important;}\u00a0\u00bb]<div class=\"kswr-heading-container kswr-theelement\" style=\"text-align:center;\">\n\t\t\t\t<div class=\"kswr-heading-title kswr-shortcode-element  \" data-fontsettings=\"font-size:30px;line-height:1,5em;\" style=\"font-size:30px;line-height:1,5em; font-weight:600; margin-top:0px;margin-bottom:25px;color:#1361a9;background-clip: inherit;background-color: inherit; -webkit-text-fill-color:#1361a9;\">MENTIONS LEGALES<\/div>\n\t\t\t\t<div class=\"kswr-heading-content kswr-shortcode-element  \" data-fontsettings=\"font-size:14px;\" style=\"font-size:14px;  margin-top:0px;margin-bottom:0px;color:#333333;\"><\/div>\n\t\t\t<\/div>[vc_column_text el_class=\u00a0\u00bbcustom-text\u00a0\u00bb]<\/p>\n<h3>Mentions L\u00e9gales<\/h3>\n<p><strong>1. Pr\u00e9sentation du site<\/strong><\/p>\n<p>Le site web carrivy.com est une marque \u00e9dit\u00e9e par :<\/p>\n<p><strong>NFY Partners<\/strong><br \/>\nAdresse : 29 avenue Auguste v\u00e9rola 06200 Nice<br \/>\nNum\u00e9ro SIRET : 831 529 284 00026<br \/>\nCapital social : 1000\u20ac<br \/>\nNum\u00e9ro de TVA intracommunautaire : FR64 831 529 284<\/p>\n<p>Directeur de la publication : Nicolas Fleury<br \/>\nResponsable de la r\u00e9daction : Nicolas Fleury<\/p>\n<p><strong>2. H\u00e9bergement<\/strong><\/p>\n<p>Le site est h\u00e9berg\u00e9 par :<\/p>\n<p><strong>OVH<\/strong><br \/>\nAdresse : 2 rue Kellermann &#8211; 59100 Roubaix &#8211; France<br \/>\nSite : https:\/\/www.ovhcloud.com\/<\/p>\n<p><strong>3. Propri\u00e9t\u00e9 intellectuelle<\/strong><\/p>\n<p>Le contenu du site carrivy.com, y compris les textes, images, graphismes, logos, vid\u00e9os, et autres \u00e9l\u00e9ments sont prot\u00e9g\u00e9s par les droits d&rsquo;auteur et la propri\u00e9t\u00e9 intellectuelle. Toute reproduction ou repr\u00e9sentation totale ou partielle de ce contenu, sans autorisation pr\u00e9alable, est interdite.<\/p>\n<p><strong>4. Donn\u00e9es personnelles<\/strong><\/p>\n<p>NFY Partners respecte la confidentialit\u00e9 de vos donn\u00e9es personnelles. Les informations recueillies via le site sont utilis\u00e9es uniquement dans le cadre de la gestion des demandes et des services. Conform\u00e9ment \u00e0 la r\u00e9glementation en vigueur, vous disposez d\u2019un droit d\u2019acc\u00e8s, de rectification, et de suppression de vos donn\u00e9es personnelles. Pour exercer ces droits, veuillez nous contacter depuis le <a href=\"https:\/\/carrivy.com\/index.php\/contact\/\">formulaire<\/a> .<\/p>\n<p><strong>5. Responsabilit\u00e9<\/strong><\/p>\n<p>NFY Partners ne saurait \u00eatre tenue responsable des erreurs ou omissions dans les informations diffus\u00e9es sur le site. Le site peut contenir des liens vers d&rsquo;autres sites web. NFY Partners n&rsquo;assume aucune responsabilit\u00e9 quant au contenu de ces sites tiers.<\/p>\n<p><strong>6. Cookies<\/strong><\/p>\n<p>Le site utilise des cookies pour am\u00e9liorer votre exp\u00e9rience de navigation. En continuant \u00e0 utiliser notre site, vous acceptez l&rsquo;utilisation de cookies.<\/p>\n<p><strong>7. Loi applicable<\/strong><\/p>\n<p>Les pr\u00e9sentes mentions l\u00e9gales sont r\u00e9gies par la loi fran\u00e7aise. Tout litige relatif \u00e0 l&rsquo;utilisation du site sera soumis aux tribunaux comp\u00e9tents de Nice.[\/vc_column_text][\/vc_column][\/vc_row]<\/p>\n","protected":false},"excerpt":{"rendered":"<p>[vc_row full_width=\u00a0\u00bbstretch_row_content\u00a0\u00bb content_placement=\u00a0\u00bbmiddle\u00a0\u00bb pix_gap=\u00a0\u00bbdisable\u00a0\u00bb bgstyle=\u00a0\u00bbattachment\u00a0\u00bb gradient_colors=\u00a0\u00bb%5B%7B%7D%5D\u00a0\u00bb kswr_row_bg_type=\u00a0\u00bbsimpleimage\u00a0\u00bb kswr_row_top_decor_enabled=\u00a0\u00bbfalse\u00a0\u00bb kswr_row_bottom_decor_enabled=\u00a0\u00bbfalse\u00a0\u00bb css=\u00a0\u00bb.vc_custom_1687095768494{background-position: center !important;background-repeat: no-repeat !important;background-size: cover !important;}\u00a0\u00bb pix_color_decor01=\u00a0\u00bb#0a0a0a\u00a0\u00bb][vc_column gradient_colors=\u00a0\u00bb%5B%7B%7D%5D\u00a0\u00bb][vc_row_inner gradient_colors=\u00a0\u00bb%5B%7B%7D%5D\u00a0\u00bb css=\u00a0\u00bb.vc_custom_1687097013728{margin-top: -60px !important;padding-right: 10% !important;padding-bottom: 10px !important;padding-left: 10% !important;background-color: #1361a9 !important;}\u00a0\u00bb][vc_column_inner width=\u00a0\u00bb1\/5&Prime; css=\u00a0\u00bb.vc_custom_1687099967449{padding-top: 45px !important;}\u00a0\u00bb][\/vc_column_inner][vc_column_inner width=\u00a0\u00bb1\/5&Prime; css=\u00a0\u00bb.vc_custom_1687099993083{padding-top: 45px !important;}\u00a0\u00bb][\/vc_column_inner][vc_column_inner width=\u00a0\u00bb1\/5&Prime; css=\u00a0\u00bb.vc_custom_1687100000758{padding-top: 45px !important;}\u00a0\u00bb][\/vc_column_inner][vc_column_inner width=\u00a0\u00bb1\/5&Prime; offset=\u00a0\u00bbvc_hidden-sm vc_hidden-xs\u00a0\u00bb][\/vc_column_inner][vc_column_inner width=\u00a0\u00bb1\/5&Prime;][vc_btn title=\u00a0\u00bb\u00a0\u00bb style=\u00a0\u00bboutline-custom\u00a0\u00bb outline_custom_color=\u00a0\u00bb#ffffff\u00a0\u00bb outline_custom_hover_background=\u00a0\u00bb#ffffff\u00a0\u00bb outline_custom_hover_text=\u00a0\u00bb#ff0000&Prime; shape=\u00a0\u00bbsquare\u00a0\u00bb i_align=\u00a0\u00bbright\u00a0\u00bb i_icon_fontawesome=\u00a0\u00bbfab fa-youtube\u00a0\u00bb [&hellip;]<\/p>\n","protected":false},"author":1,"featured_media":0,"parent":0,"menu_order":0,"comment_status":"open","ping_status":"open","template":"page-home.php","meta":{"footnotes":""},"class_list":["post-11243","page","type-page","status-publish","hentry"],"_links":{"self":[{"href":"https:\/\/carrivy.com\/index.php\/wp-json\/wp\/v2\/pages\/11243"}],"collection":[{"href":"https:\/\/carrivy.com\/index.php\/wp-json\/wp\/v2\/pages"}],"about":[{"href":"https:\/\/carrivy.com\/index.php\/wp-json\/wp\/v2\/types\/page"}],"author":[{"embeddable":true,"href":"https:\/\/carrivy.com\/index.php\/wp-json\/wp\/v2\/users\/1"}],"replies":[{"embeddable":true,"href":"https:\/\/carrivy.com\/index.php\/wp-json\/wp\/v2\/comments?post=11243"}],"version-history":[{"count":10,"href":"https:\/\/carrivy.com\/index.php\/wp-json\/wp\/v2\/pages\/11243\/revisions"}],"predecessor-version":[{"id":58618,"href":"https:\/\/carrivy.com\/index.php\/wp-json\/wp\/v2\/pages\/11243\/revisions\/58618"}],"wp:attachment":[{"href":"https:\/\/carrivy.com\/index.php\/wp-json\/wp\/v2\/media?parent=11243"}],"curies":[{"name":"wp","href":"https:\/\/api.w.org\/{rel}","templated":true}]}}